{"id":8,"date":"2024-10-03T12:01:00","date_gmt":"2024-10-03T12:01:00","guid":{"rendered":"http:\/\/frominsight.cz\/?page_id=8"},"modified":"2026-03-18T21:12:13","modified_gmt":"2026-03-18T21:12:13","slug":"home","status":"publish","type":"page","link":"https:\/\/frominsight.cz\/en\/","title":{"rendered":"Home"},"content":{"rendered":"<div class=\"wp-block-media-text alignfull has-media-on-the-right is-stacked-on-mobile is-vertically-aligned-center has-base-background-color has-background\" style=\"margin-top:0;margin-bottom:0\" id=\"kapela\"><div class=\"wp-block-media-text__content\">\n<div style=\"height:2px\" aria-hidden=\"true\" class=\"wp-block-spacer\"><\/div>\n\n\n\n<p><strong>From Insight<\/strong> je \u010dty\u0159\u010dlenn\u00e1 formace z Brna hraj\u00edc\u00ed energetick\u00fd metalcore. Skupina kombinuje tvrd\u00e9 kytarov\u00e9 riffy, chytlav\u00e9 melodie, melancholickou atmosf\u00e9ru a v\u00fdrazn\u00fd vok\u00e1l spojuj\u00edc\u00ed scream a melodick\u00fd zp\u011bv, s anglick\u00fdmi texty.<\/p>\n\n\n\n<p>Kapela m\u00e1 za sebou koncerty v \u010cesk\u00e9 republice i st\u0159edn\u00ed Evrop\u011b, kde d\u011blala support kapel\u00e1m jako Fallen At Dawn (ES), Lavina (RS), Gigashadow (BG) a dal\u0161\u00edm.<br><br>Aktu\u00e1ln\u011b m\u00e1 From Insight vydan\u00e9 druh\u00e9 EP s n\u00e1zvem <strong>\u201eSick\u201c<\/strong>, ke kter\u00e9mu byl ned\u00e1vno vyd\u00e1n videoklip ke skladb\u011b <strong>\u201eSick Of Being Good\u201c<\/strong>. V sou\u010dasn\u00e9 dob\u011b kapela pracuje na t\u0159et\u00edm EP a chyst\u00e1 podzimn\u00ed turn\u00e9.<\/p>\n\n\n\n<p><\/p>\n\n\n\n<div style=\"height:0px\" aria-hidden=\"true\" class=\"wp-block-spacer\"><\/div>\n\n\n\n<div class=\"wp-block-buttons is-layout-flex wp-block-buttons-is-layout-flex\">\n<div class=\"wp-block-button is-style-outline is-style-outline--1\"><a class=\"wp-block-button__link has-orbitron-font-family wp-element-button\" href=\"\/en\/galerie\/\">Gallery<\/a><\/div>\n\n\n\n<div class=\"wp-block-button is-style-fill\"><a class=\"wp-block-button__link has-orbitron-font-family wp-element-button\" href=\"https:\/\/frominsight.cz\/en\/stageplan\/\">Stageplan<\/a><\/div>\n<\/div>\n\n\n\n<div style=\"height:30px\" aria-hidden=\"true\" class=\"wp-block-spacer\"><\/div>\n\n\n\n<figure class=\"wp-block-embed is-type-rich is-provider-spotify wp-block-embed-spotify\" style=\"margin-bottom:0px\"><div class=\"wp-block-embed__wrapper\">\n<iframe title=\"Spotify Embed: Sick\" style=\"border-radius: 12px\" width=\"100%\" height=\"352\" frameborder=\"0\" allowfullscreen allow=\"autoplay; clipboard-write; encrypted-media; fullscreen; picture-in-picture\" loading=\"lazy\" src=\"https:\/\/open.spotify.com\/embed\/album\/5721A2aZXuapjrTFuSn64A?si=lCZxY12cRxCOGo2jc-w4Rw&#038;utm_source=oembed\"><\/iframe>\n<\/div><\/figure>\n\n\n\n<div class=\"wp-block-group has-global-padding is-content-justification-left is-layout-constrained wp-container-core-group-is-layout-5d6af5fe wp-block-group-is-layout-constrained\"><\/div>\n<\/div><figure class=\"wp-block-media-text__media\"><img loading=\"lazy\" decoding=\"async\" width=\"1707\" height=\"2560\" src=\"https:\/\/frominsight.cz\/wp-content\/uploads\/2026\/03\/FromInsight-2025-A-99-scaled.jpg\" alt=\"\" class=\"wp-image-1288 size-full\" srcset=\"https:\/\/frominsight.cz\/wp-content\/uploads\/2026\/03\/FromInsight-2025-A-99-scaled.jpg 1707w, https:\/\/frominsight.cz\/wp-content\/uploads\/2026\/03\/FromInsight-2025-A-99-200x300.jpg 200w, https:\/\/frominsight.cz\/wp-content\/uploads\/2026\/03\/FromInsight-2025-A-99-683x1024.jpg 683w, https:\/\/frominsight.cz\/wp-content\/uploads\/2026\/03\/FromInsight-2025-A-99-768x1152.jpg 768w, https:\/\/frominsight.cz\/wp-content\/uploads\/2026\/03\/FromInsight-2025-A-99-1024x1536.jpg 1024w, https:\/\/frominsight.cz\/wp-content\/uploads\/2026\/03\/FromInsight-2025-A-99-1365x2048.jpg 1365w, https:\/\/frominsight.cz\/wp-content\/uploads\/2026\/03\/FromInsight-2025-A-99-8x12.jpg 8w\" sizes=\"auto, (max-width: 1707px) 100vw, 1707px\" \/><\/figure><\/div>\n\n\n\n<div class=\"wp-block-cover alignfull has-parallax has-custom-content-position is-position-top-center posun\" style=\"margin-top:0;margin-bottom:0\"><div class=\"wp-block-cover__image-background wp-image-452 has-parallax\" style=\"background-position:50% 50%;background-image:url(https:\/\/frominsight.cz\/wp-content\/uploads\/2024\/10\/pexels-noland-26447524-scaled.jpg)\"><\/div><span aria-hidden=\"true\" class=\"wp-block-cover__background has-contrast-background-color has-background-dim-80 has-background-dim\"><\/span><div class=\"wp-block-cover__inner-container has-global-padding is-layout-constrained wp-block-cover-is-layout-constrained\">\n<div style=\"height:111px\" aria-hidden=\"true\" id=\"koncerty\" class=\"wp-block-spacer\"><\/div>\n\n\n\n<h2 class=\"wp-block-heading has-text-align-center has-base-2-color has-text-color has-link-color has-orbitron-font-family wp-elements-44b36ac11dadc2cbc2ef40e39afe5b4f\"><strong>CONCERTS<\/strong><\/h2>\n\n\n\n<div style=\"height:2px\" aria-hidden=\"true\" class=\"wp-block-spacer\"><\/div>\n\n\n\n<hr class=\"wp-block-separator has-text-color has-base-color has-alpha-channel-opacity has-base-background-color has-background\"\/>\n\n\n\n<div style=\"height:41px\" aria-hidden=\"true\" class=\"wp-block-spacer\"><\/div>\n\n\n\n<hr class=\"wp-block-separator has-text-color has-base-2-color has-alpha-channel-opacity has-base-2-background-color has-background is-style-wide\"\/>\n\n\n\n<div class=\"wp-block-columns is-layout-flex wp-container-core-columns-is-layout-28f84493 wp-block-columns-is-layout-flex\">\n<div class=\"wp-block-column is-vertically-aligned-stretch is-layout-flow wp-block-column-is-layout-flow\">\n<details class=\"wp-block-details is-layout-flow wp-block-details-is-layout-flow\"><summary>Coming Soon<\/summary>\n<p><\/p>\n<\/details>\n<\/div>\n<\/div>\n\n\n\n<hr class=\"wp-block-separator has-text-color has-base-2-color has-alpha-channel-opacity has-base-2-background-color has-background is-style-wide\"\/>\n\n\n\n<div style=\"height:162px\" aria-hidden=\"true\" class=\"wp-block-spacer\"><\/div>\n<\/div><\/div>","protected":false},"excerpt":{"rendered":"","protected":false},"author":1,"featured_media":0,"parent":0,"menu_order":0,"comment_status":"closed","ping_status":"closed","template":"","meta":{"footnotes":""},"class_list":["post-8","page","type-page","status-publish","hentry"],"yoast_head":"<!-- This site is optimized with the Yoast SEO plugin v24.0 - https:\/\/yoast.com\/wordpress\/plugins\/seo\/ -->\n<title>Home - From Insight<\/title>\n<meta name=\"description\" content=\"Skupina byla ofici\u00e1ln\u011b zalo\u017eena roku 2018 v Brn\u011b, kdy se z gar\u00e1\u017eov\u00e9ho projektu vyvinula v pln\u011b aktivn\u00ed, koncertuj\u00edc\u00ed kapelu s n\u00e1zvem From Insight.\" \/>\n<meta name=\"robots\" content=\"index, follow, max-snippet:-1, max-image-preview:large, max-video-preview:-1\" \/>\n<link rel=\"canonical\" href=\"https:\/\/frominsight.cz\/en\/\" \/>\n<meta property=\"og:locale\" content=\"en_US\" \/>\n<meta property=\"og:type\" content=\"article\" \/>\n<meta property=\"og:title\" content=\"Home - From Insight\" \/>\n<meta property=\"og:description\" content=\"Skupina byla ofici\u00e1ln\u011b zalo\u017eena roku 2018 v Brn\u011b, kdy se z gar\u00e1\u017eov\u00e9ho projektu vyvinula v pln\u011b aktivn\u00ed, koncertuj\u00edc\u00ed kapelu s n\u00e1zvem From Insight.\" \/>\n<meta property=\"og:url\" content=\"https:\/\/frominsight.cz\/en\/\" \/>\n<meta property=\"og:site_name\" content=\"From Insight\" \/>\n<meta property=\"article:modified_time\" content=\"2026-03-18T21:12:13+00:00\" \/>\n<meta property=\"og:image\" content=\"https:\/\/frominsight.cz\/wp-content\/uploads\/2026\/03\/FromInsight-2025-A-99-scaled.jpg\" \/>\n<meta name=\"twitter:card\" content=\"summary_large_image\" \/>\n<meta name=\"twitter:label1\" content=\"Est. reading time\" \/>\n\t<meta name=\"twitter:data1\" content=\"1 minute\" \/>\n<script type=\"application\/ld+json\" class=\"yoast-schema-graph\">{\"@context\":\"https:\/\/schema.org\",\"@graph\":[{\"@type\":\"WebPage\",\"@id\":\"https:\/\/frominsight.cz\/en\/\",\"url\":\"https:\/\/frominsight.cz\/en\/\",\"name\":\"Home - From Insight\",\"isPartOf\":{\"@id\":\"https:\/\/frominsight.cz\/en\/#website\"},\"primaryImageOfPage\":{\"@id\":\"https:\/\/frominsight.cz\/en\/#primaryimage\"},\"image\":{\"@id\":\"https:\/\/frominsight.cz\/en\/#primaryimage\"},\"thumbnailUrl\":\"https:\/\/frominsight.cz\/wp-content\/uploads\/2026\/03\/FromInsight-2025-A-99-scaled.jpg\",\"datePublished\":\"2024-10-03T12:01:00+00:00\",\"dateModified\":\"2026-03-18T21:12:13+00:00\",\"description\":\"Skupina byla ofici\u00e1ln\u011b zalo\u017eena roku 2018 v Brn\u011b, kdy se z gar\u00e1\u017eov\u00e9ho projektu vyvinula v pln\u011b aktivn\u00ed, koncertuj\u00edc\u00ed kapelu s n\u00e1zvem From Insight.\",\"breadcrumb\":{\"@id\":\"https:\/\/frominsight.cz\/en\/#breadcrumb\"},\"inLanguage\":\"en-US\",\"potentialAction\":[{\"@type\":\"ReadAction\",\"target\":[\"https:\/\/frominsight.cz\/en\/\"]}]},{\"@type\":\"ImageObject\",\"inLanguage\":\"en-US\",\"@id\":\"https:\/\/frominsight.cz\/en\/#primaryimage\",\"url\":\"https:\/\/frominsight.cz\/wp-content\/uploads\/2026\/03\/FromInsight-2025-A-99-scaled.jpg\",\"contentUrl\":\"https:\/\/frominsight.cz\/wp-content\/uploads\/2026\/03\/FromInsight-2025-A-99-scaled.jpg\"},{\"@type\":\"BreadcrumbList\",\"@id\":\"https:\/\/frominsight.cz\/en\/#breadcrumb\",\"itemListElement\":[{\"@type\":\"ListItem\",\"position\":1,\"name\":\"Home\",\"item\":\"https:\/\/frominsight.cz\/en\/\"},{\"@type\":\"ListItem\",\"position\":2,\"name\":\"Home\"}]},{\"@type\":\"WebSite\",\"@id\":\"https:\/\/frominsight.cz\/en\/#website\",\"url\":\"https:\/\/frominsight.cz\/en\/\",\"name\":\"From Insight\",\"description\":\"Hudebn\u00ed skupina From Insight\",\"publisher\":{\"@id\":\"https:\/\/frominsight.cz\/en\/#organization\"},\"potentialAction\":[{\"@type\":\"SearchAction\",\"target\":{\"@type\":\"EntryPoint\",\"urlTemplate\":\"https:\/\/frominsight.cz\/en\/?s={search_term_string}\"},\"query-input\":{\"@type\":\"PropertyValueSpecification\",\"valueRequired\":true,\"valueName\":\"search_term_string\"}}],\"inLanguage\":\"en-US\"},{\"@type\":\"Organization\",\"@id\":\"https:\/\/frominsight.cz\/en\/#organization\",\"name\":\"From Insight\",\"url\":\"https:\/\/frominsight.cz\/en\/\",\"logo\":{\"@type\":\"ImageObject\",\"inLanguage\":\"en-US\",\"@id\":\"https:\/\/frominsight.cz\/en\/#\/schema\/logo\/image\/\",\"url\":\"https:\/\/frominsight.cz\/wp-content\/uploads\/2024\/10\/kulate_logo_transparent_white_small.png\",\"contentUrl\":\"https:\/\/frominsight.cz\/wp-content\/uploads\/2024\/10\/kulate_logo_transparent_white_small.png\",\"width\":5992,\"height\":6441,\"caption\":\"From Insight\"},\"image\":{\"@id\":\"https:\/\/frominsight.cz\/en\/#\/schema\/logo\/image\/\"}}]}<\/script>\n<!-- \/ Yoast SEO plugin. -->","yoast_head_json":{"title":"Home - From Insight","description":"The band was officially formed in 2018 in Brno, evolving from a garage project into a fully active, performing band called From Insight.","robots":{"index":"index","follow":"follow","max-snippet":"max-snippet:-1","max-image-preview":"max-image-preview:large","max-video-preview":"max-video-preview:-1"},"canonical":"https:\/\/frominsight.cz\/en\/","og_locale":"en_US","og_type":"article","og_title":"Home - From Insight","og_description":"Skupina byla ofici\u00e1ln\u011b zalo\u017eena roku 2018 v Brn\u011b, kdy se z gar\u00e1\u017eov\u00e9ho projektu vyvinula v pln\u011b aktivn\u00ed, koncertuj\u00edc\u00ed kapelu s n\u00e1zvem From Insight.","og_url":"https:\/\/frominsight.cz\/en\/","og_site_name":"From Insight","article_modified_time":"2026-03-18T21:12:13+00:00","og_image":[{"url":"https:\/\/frominsight.cz\/wp-content\/uploads\/2026\/03\/FromInsight-2025-A-99-scaled.jpg","type":"","width":"","height":""}],"twitter_card":"summary_large_image","twitter_misc":{"Est. reading time":"1 minute"},"schema":{"@context":"https:\/\/schema.org","@graph":[{"@type":"WebPage","@id":"https:\/\/frominsight.cz\/en\/","url":"https:\/\/frominsight.cz\/en\/","name":"Home - From Insight","isPartOf":{"@id":"https:\/\/frominsight.cz\/en\/#website"},"primaryImageOfPage":{"@id":"https:\/\/frominsight.cz\/en\/#primaryimage"},"image":{"@id":"https:\/\/frominsight.cz\/en\/#primaryimage"},"thumbnailUrl":"https:\/\/frominsight.cz\/wp-content\/uploads\/2026\/03\/FromInsight-2025-A-99-scaled.jpg","datePublished":"2024-10-03T12:01:00+00:00","dateModified":"2026-03-18T21:12:13+00:00","description":"The band was officially formed in 2018 in Brno, evolving from a garage project into a fully active, performing band called From Insight.","breadcrumb":{"@id":"https:\/\/frominsight.cz\/en\/#breadcrumb"},"inLanguage":"en-US","potentialAction":[{"@type":"ReadAction","target":["https:\/\/frominsight.cz\/en\/"]}]},{"@type":"ImageObject","inLanguage":"en-US","@id":"https:\/\/frominsight.cz\/en\/#primaryimage","url":"https:\/\/frominsight.cz\/wp-content\/uploads\/2026\/03\/FromInsight-2025-A-99-scaled.jpg","contentUrl":"https:\/\/frominsight.cz\/wp-content\/uploads\/2026\/03\/FromInsight-2025-A-99-scaled.jpg"},{"@type":"BreadcrumbList","@id":"https:\/\/frominsight.cz\/en\/#breadcrumb","itemListElement":[{"@type":"ListItem","position":1,"name":"Home","item":"https:\/\/frominsight.cz\/en\/"},{"@type":"ListItem","position":2,"name":"Home"}]},{"@type":"WebSite","@id":"https:\/\/frominsight.cz\/en\/#website","url":"https:\/\/frominsight.cz\/en\/","name":"From Insight","description":"Hudebn\u00ed skupina From Insight","publisher":{"@id":"https:\/\/frominsight.cz\/en\/#organization"},"potentialAction":[{"@type":"SearchAction","target":{"@type":"EntryPoint","urlTemplate":"https:\/\/frominsight.cz\/en\/?s={search_term_string}"},"query-input":{"@type":"PropertyValueSpecification","valueRequired":true,"valueName":"search_term_string"}}],"inLanguage":"en-US"},{"@type":"Organization","@id":"https:\/\/frominsight.cz\/en\/#organization","name":"From Insight","url":"https:\/\/frominsight.cz\/en\/","logo":{"@type":"ImageObject","inLanguage":"en-US","@id":"https:\/\/frominsight.cz\/en\/#\/schema\/logo\/image\/","url":"https:\/\/frominsight.cz\/wp-content\/uploads\/2024\/10\/kulate_logo_transparent_white_small.png","contentUrl":"https:\/\/frominsight.cz\/wp-content\/uploads\/2024\/10\/kulate_logo_transparent_white_small.png","width":5992,"height":6441,"caption":"From Insight"},"image":{"@id":"https:\/\/frominsight.cz\/en\/#\/schema\/logo\/image\/"}}]}},"_links":{"self":[{"href":"https:\/\/frominsight.cz\/en\/wp-json\/wp\/v2\/pages\/8","targetHints":{"allow":["GET"]}}],"collection":[{"href":"https:\/\/frominsight.cz\/en\/wp-json\/wp\/v2\/pages"}],"about":[{"href":"https:\/\/frominsight.cz\/en\/wp-json\/wp\/v2\/types\/page"}],"author":[{"embeddable":true,"href":"https:\/\/frominsight.cz\/en\/wp-json\/wp\/v2\/users\/1"}],"replies":[{"embeddable":true,"href":"https:\/\/frominsight.cz\/en\/wp-json\/wp\/v2\/comments?post=8"}],"version-history":[{"count":357,"href":"https:\/\/frominsight.cz\/en\/wp-json\/wp\/v2\/pages\/8\/revisions"}],"predecessor-version":[{"id":1293,"href":"https:\/\/frominsight.cz\/en\/wp-json\/wp\/v2\/pages\/8\/revisions\/1293"}],"wp:attachment":[{"href":"https:\/\/frominsight.cz\/en\/wp-json\/wp\/v2\/media?parent=8"}],"curies":[{"name":"wp","href":"https:\/\/api.w.org\/{rel}","templated":true}]}}